{"id":1399,"date":"2026-02-26T20:49:10","date_gmt":"2026-02-26T20:49:10","guid":{"rendered":"https:\/\/hotelikdlapsa.com\/?page_id=1399"},"modified":"2026-02-26T21:07:25","modified_gmt":"2026-02-26T21:07:25","slug":"fundusz","status":"publish","type":"page","link":"https:\/\/hotelikdlapsa.com\/index.php\/fundusz\/","title":{"rendered":"Fundusze"},"content":{"rendered":"\t\t<div data-elementor-type=\"wp-page\" data-elementor-id=\"1399\" class=\"elementor elementor-1399\">\n\t\t\t\t<div class=\"elementor-element elementor-element-4c7fdb1 e-flex e-con-boxed e-con e-parent\" data-id=\"4c7fdb1\" data-element_type=\"container\" data-e-type=\"container\">\n\t\t\t\t\t<div class=\"e-con-inner\">\n\t\t\t\t<div class=\"elementor-element elementor-element-5b3f2be elementor-widget elementor-widget-image\" data-id=\"5b3f2be\" data-element_type=\"widget\" data-e-type=\"widget\" data-widget_type=\"image.default\">\n\t\t\t\t\t\t\t\t\t\t\t\t\t\t\t<img fetchpriority=\"high\" decoding=\"async\" width=\"1024\" height=\"162\" src=\"https:\/\/hotelikdlapsa.com\/wp-content\/uploads\/2026\/02\/FE_RP_UE_RGB_kolor-1024x162.jpg\" class=\"attachment-large size-large wp-image-1401\" alt=\"\" srcset=\"https:\/\/hotelikdlapsa.com\/wp-content\/uploads\/2026\/02\/FE_RP_UE_RGB_kolor-1024x162.jpg 1024w, https:\/\/hotelikdlapsa.com\/wp-content\/uploads\/2026\/02\/FE_RP_UE_RGB_kolor-300x47.jpg 300w, https:\/\/hotelikdlapsa.com\/wp-content\/uploads\/2026\/02\/FE_RP_UE_RGB_kolor-768x121.jpg 768w, https:\/\/hotelikdlapsa.com\/wp-content\/uploads\/2026\/02\/FE_RP_UE_RGB_kolor-1536x243.jpg 1536w, https:\/\/hotelikdlapsa.com\/wp-content\/uploads\/2026\/02\/FE_RP_UE_RGB_kolor-2048x323.jpg 2048w, https:\/\/hotelikdlapsa.com\/wp-content\/uploads\/2026\/02\/FE_RP_UE_RGB_kolor-600x95.jpg 600w\" sizes=\"(max-width: 1024px) 100vw, 1024px\" \/>\t\t\t\t\t\t\t\t\t\t\t\t\t\t\t<\/div>\n\t\t\t\t\t<\/div>\n\t\t\t\t<\/div>\n\t\t<div class=\"elementor-element elementor-element-0ff9722 e-flex e-con-boxed e-con e-parent\" data-id=\"0ff9722\" data-element_type=\"container\" data-e-type=\"container\">\n\t\t\t\t\t<div class=\"e-con-inner\">\n\t\t\t\t<div class=\"elementor-element elementor-element-aaedc9f elementor-widget elementor-widget-text-editor\" data-id=\"aaedc9f\" data-element_type=\"widget\" data-e-type=\"widget\" data-widget_type=\"text-editor.default\">\n\t\t\t\t\t\t\t\t\t<p><strong>Firma Galaxia Prime Dog &amp; Hotel<\/strong> uzyska\u0142a dotacj\u0119 z Unii Europejskiej projekt &#8220;Wsparcie na nowy start&#8221;. Dzia\u0142ania w projekcie s\u0105 wsp\u00f3\u0142finansowane ze \u015brodk\u00f3w Funduszu na rzecz Sprawiedliwej Transformacji w ramach programu Fundusze Europejskie dla \u015al\u0105skiego 2021-2027.<\/p><p>W ramach projektu powstanie hotel dla du\u017cych ps\u00f3w z przestronnymi ocieplonymi boksami, ogrodzone wybiegi dla ps\u00f3w wraz z niezb\u0119dn\u0105 infrastruktur\u0105.\u00a0<\/p><p>Hotel skierowany jest do w\u0142a\u015bcicieli ps\u00f3w, kt\u00f3rzy cz\u0119sto podr\u00f3\u017cuj\u0105 i nie mog\u0105 zabra\u0107 psa ze sob\u0105, a r\u00f3wnocze\u015bnie chc\u0105 zapewni\u0107 swojemu pupilowi najlepsz\u0105 opiek\u0119 w komfortowych warunkach.\u00a0<\/p><p>Celem jest stworzenie hotelu z profesjonalnym podej\u015bciem, w kt\u00f3rym psy b\u0119d\u0105 mia\u0142y zapewniony nie tylko bezpieczny nocleg, ale tak\u017ce aktywno\u015b\u0107, mo\u017cliwo\u015b\u0107 szkole\u0144 i socjalizacji.<\/p><p>Efektem tych dzia\u0142a\u0144 b\u0119dzie miejsce, w kt\u00f3rym ca\u0142odobowy nadz\u00f3r nad psami sprawuje wykwalifikowany opiekun dbaj\u0105c o bezpiecze\u0144stwo i komfort zwierz\u0105t.<\/p><p>Warto\u015b\u0107 projektu 160\u00a0000 z\u0142.<br \/>Wysoko\u015b\u0107 wk\u0142adu Funduszy Europejskich 100\u00a0000 z\u0142.<\/p>\t\t\t\t\t\t\t\t<\/div>\n\t\t\t\t\t<\/div>\n\t\t\t\t<\/div>\n\t\t\t\t<\/div>\n\t\t","protected":false},"excerpt":{"rendered":"<p>Firma Galaxia Prime Dog &amp; Hotel uzyska\u0142a dotacj\u0119 z Unii Europejskiej projekt &#8220;Wsparcie na nowy start&#8221;. Dzia\u0142ania w projekcie s\u0105 wsp\u00f3\u0142finansowane ze \u015brodk\u00f3w Funduszu na rzecz Sprawiedliwej Transformacji w ramach programu Fundusze Europejskie dla \u015al\u0105skiego 2021-2027. W ramach projektu powstanie hotel dla du\u017cych ps\u00f3w z przestronnymi ocieplonymi boksami, ogrodzone wybiegi dla ps\u00f3w wraz z niezb\u0119dn\u0105 [&hellip;]<\/p>\n","protected":false},"author":1,"featured_media":0,"parent":0,"menu_order":0,"comment_status":"closed","ping_status":"closed","template":"","meta":{"ocean_post_layout":"","ocean_both_sidebars_style":"","ocean_both_sidebars_content_width":0,"ocean_both_sidebars_sidebars_width":0,"ocean_sidebar":"","ocean_second_sidebar":"","ocean_disable_margins":"enable","ocean_add_body_class":"","ocean_shortcode_before_top_bar":"","ocean_shortcode_after_top_bar":"","ocean_shortcode_before_header":"","ocean_shortcode_after_header":"","ocean_has_shortcode":"","ocean_shortcode_after_title":"","ocean_shortcode_before_footer_widgets":"","ocean_shortcode_after_footer_widgets":"","ocean_shortcode_before_footer_bottom":"","ocean_shortcode_after_footer_bottom":"","ocean_display_top_bar":"default","ocean_display_header":"default","ocean_header_style":"","ocean_center_header_left_menu":"","ocean_custom_header_template":"","ocean_custom_logo":0,"ocean_custom_retina_logo":0,"ocean_custom_logo_max_width":0,"ocean_custom_logo_tablet_max_width":0,"ocean_custom_logo_mobile_max_width":0,"ocean_custom_logo_max_height":0,"ocean_custom_logo_tablet_max_height":0,"ocean_custom_logo_mobile_max_height":0,"ocean_header_custom_menu":"","ocean_menu_typo_font_family":"","ocean_menu_typo_font_subset":"","ocean_menu_typo_font_size":0,"ocean_menu_typo_font_size_tablet":0,"ocean_menu_typo_font_size_mobile":0,"ocean_menu_typo_font_size_unit":"px","ocean_menu_typo_font_weight":"","ocean_menu_typo_font_weight_tablet":"","ocean_menu_typo_font_weight_mobile":"","ocean_menu_typo_transform":"","ocean_menu_typo_transform_tablet":"","ocean_menu_typo_transform_mobile":"","ocean_menu_typo_line_height":0,"ocean_menu_typo_line_height_tablet":0,"ocean_menu_typo_line_height_mobile":0,"ocean_menu_typo_line_height_unit":"","ocean_menu_typo_spacing":0,"ocean_menu_typo_spacing_tablet":0,"ocean_menu_typo_spacing_mobile":0,"ocean_menu_typo_spacing_unit":"","ocean_menu_link_color":"","ocean_menu_link_color_hover":"","ocean_menu_link_color_active":"","ocean_menu_link_background":"","ocean_menu_link_hover_background":"","ocean_menu_link_active_background":"","ocean_menu_social_links_bg":"","ocean_menu_social_hover_links_bg":"","ocean_menu_social_links_color":"","ocean_menu_social_hover_links_color":"","ocean_disable_title":"default","ocean_disable_heading":"default","ocean_post_title":"","ocean_post_subheading":"","ocean_post_title_style":"","ocean_post_title_background_color":"","ocean_post_title_background":0,"ocean_post_title_bg_image_position":"","ocean_post_title_bg_image_attachment":"","ocean_post_title_bg_image_repeat":"","ocean_post_title_bg_image_size":"","ocean_post_title_height":0,"ocean_post_title_bg_overlay":0.5,"ocean_post_title_bg_overlay_color":"","ocean_disable_breadcrumbs":"default","ocean_breadcrumbs_color":"","ocean_breadcrumbs_separator_color":"","ocean_breadcrumbs_links_color":"","ocean_breadcrumbs_links_hover_color":"","ocean_display_footer_widgets":"default","ocean_display_footer_bottom":"default","ocean_custom_footer_template":"","omw_enable_modal_window":"enable","osh_disable_topbar_sticky":"default","osh_disable_header_sticky":"default","osh_sticky_header_style":"default","osh_sticky_header_effect":"","osh_custom_sticky_logo":0,"osh_custom_retina_sticky_logo":0,"osh_custom_sticky_logo_height":0,"osh_background_color":"","osh_links_color":"","osh_links_hover_color":"","osh_links_active_color":"","osh_links_bg_color":"","osh_links_hover_bg_color":"","osh_links_active_bg_color":"","osh_menu_social_links_color":"","osh_menu_social_hover_links_color":"","footnotes":""},"class_list":["post-1399","page","type-page","status-publish","hentry","entry","owp-thumbs-layout-horizontal","owp-btn-big","owp-tabs-layout-vertical","has-no-thumbnails","has-product-nav"],"_links":{"self":[{"href":"https:\/\/hotelikdlapsa.com\/index.php\/wp-json\/wp\/v2\/pages\/1399","targetHints":{"allow":["GET"]}}],"collection":[{"href":"https:\/\/hotelikdlapsa.com\/index.php\/wp-json\/wp\/v2\/pages"}],"about":[{"href":"https:\/\/hotelikdlapsa.com\/index.php\/wp-json\/wp\/v2\/types\/page"}],"author":[{"embeddable":true,"href":"https:\/\/hotelikdlapsa.com\/index.php\/wp-json\/wp\/v2\/users\/1"}],"replies":[{"embeddable":true,"href":"https:\/\/hotelikdlapsa.com\/index.php\/wp-json\/wp\/v2\/comments?post=1399"}],"version-history":[{"count":9,"href":"https:\/\/hotelikdlapsa.com\/index.php\/wp-json\/wp\/v2\/pages\/1399\/revisions"}],"predecessor-version":[{"id":1417,"href":"https:\/\/hotelikdlapsa.com\/index.php\/wp-json\/wp\/v2\/pages\/1399\/revisions\/1417"}],"wp:attachment":[{"href":"https:\/\/hotelikdlapsa.com\/index.php\/wp-json\/wp\/v2\/media?parent=1399"}],"curies":[{"name":"wp","href":"https:\/\/api.w.org\/{rel}","templated":true}]}}